{"id":2,"date":"2024-07-01T23:38:20","date_gmt":"2024-07-01T21:38:20","guid":{"rendered":"http:\/\/ulitu.cz\/?page_id=2"},"modified":"2024-07-02T00:28:06","modified_gmt":"2024-07-01T22:28:06","slug":"zkusebni-stranka","status":"publish","type":"page","link":"http:\/\/ulitu.cz\/","title":{"rendered":"Kdo jsme?"},"content":{"rendered":"\n<p>T\u00fdm profesion\u00e1l\u016f, pro kter\u00e9 je d\u016fle\u017eit\u00e1 inovativnost, kvalita a bezpe\u010dnost.<\/p>\n\n\n\n<p>Navrhujeme, vyr\u00e1b\u00edme, distribuujeme a prod\u00e1v\u00e1me kvalitn\u00ed d\u0159ev\u011bn\u00e9 hra\u010dky, n\u00e1bytek a textil. Najdete u n\u00e1s profesionalitu, transparentnost, f\u00e9rovou komunikaci a zodpov\u011bdn\u00fd p\u0159\u00edstup k pr\u00e1ci.<\/p>\n\n\n\n<p><\/p>\n","protected":false},"excerpt":{"rendered":"<p>T\u00fdm profesion\u00e1l\u016f, pro kter\u00e9 je d\u016fle\u017eit\u00e1 inovativnost, kvalita a bezpe\u010dnost. Navrhujeme, vyr\u00e1b\u00edme, distribuujeme a prod\u00e1v\u00e1me kvalitn\u00ed d\u0159ev\u011bn\u00e9 hra\u010dky, n\u00e1bytek a textil. Najdete u n\u00e1s profesionalitu, transparentnost, f\u00e9rovou komunikaci a zodpov\u011bdn\u00fd p\u0159\u00edstup k pr\u00e1ci.<\/p>\n","protected":false},"author":1,"featured_media":0,"parent":0,"menu_order":0,"comment_status":"closed","ping_status":"open","template":"","meta":{"footnotes":""},"class_list":["post-2","page","type-page","status-publish","hentry"],"yoast_head":"<!-- This site is optimized with the Yoast SEO plugin v26.8 - https:\/\/yoast.com\/product\/yoast-seo-wordpress\/ -->\n<title>Kdo jsme? - ulitu<\/title>\n<meta name=\"robots\" content=\"index, follow, max-snippet:-1, max-image-preview:large, max-video-preview:-1\" \/>\n<link rel=\"canonical\" href=\"http:\/\/ulitu.cz\/\" \/>\n<meta property=\"og:locale\" content=\"cs_CZ\" \/>\n<meta property=\"og:type\" content=\"article\" \/>\n<meta property=\"og:title\" content=\"Kdo jsme? - ulitu\" \/>\n<meta property=\"og:description\" content=\"T\u00fdm profesion\u00e1l\u016f, pro kter\u00e9 je d\u016fle\u017eit\u00e1 inovativnost, kvalita a bezpe\u010dnost. Navrhujeme, vyr\u00e1b\u00edme, distribuujeme a prod\u00e1v\u00e1me kvalitn\u00ed d\u0159ev\u011bn\u00e9 hra\u010dky, n\u00e1bytek a textil. Najdete u n\u00e1s profesionalitu, transparentnost, f\u00e9rovou komunikaci a zodpov\u011bdn\u00fd p\u0159\u00edstup k pr\u00e1ci.\" \/>\n<meta property=\"og:url\" content=\"http:\/\/ulitu.cz\/\" \/>\n<meta property=\"og:site_name\" content=\"ulitu\" \/>\n<meta property=\"article:modified_time\" content=\"2024-07-01T22:28:06+00:00\" \/>\n<meta name=\"twitter:card\" content=\"summary_large_image\" \/>\n<meta name=\"twitter:label1\" content=\"Odhadovan\u00e1 doba \u010dten\u00ed\" \/>\n\t<meta name=\"twitter:data1\" content=\"1 minuta\" \/>\n<script type=\"application\/ld+json\" class=\"yoast-schema-graph\">{\"@context\":\"https:\/\/schema.org\",\"@graph\":[{\"@type\":\"WebPage\",\"@id\":\"http:\/\/ulitu.cz\/\",\"url\":\"http:\/\/ulitu.cz\/\",\"name\":\"Kdo jsme? - ulitu\",\"isPartOf\":{\"@id\":\"http:\/\/ulitu.cz\/#website\"},\"datePublished\":\"2024-07-01T21:38:20+00:00\",\"dateModified\":\"2024-07-01T22:28:06+00:00\",\"breadcrumb\":{\"@id\":\"http:\/\/ulitu.cz\/#breadcrumb\"},\"inLanguage\":\"cs\",\"potentialAction\":[{\"@type\":\"ReadAction\",\"target\":[\"http:\/\/ulitu.cz\/\"]}]},{\"@type\":\"BreadcrumbList\",\"@id\":\"http:\/\/ulitu.cz\/#breadcrumb\",\"itemListElement\":[{\"@type\":\"ListItem\",\"position\":1,\"name\":\"Home\",\"item\":\"http:\/\/ulitu.cz\/\"},{\"@type\":\"ListItem\",\"position\":2,\"name\":\"Kdo jsme?\"}]},{\"@type\":\"WebSite\",\"@id\":\"http:\/\/ulitu.cz\/#website\",\"url\":\"http:\/\/ulitu.cz\/\",\"name\":\"ulitu\",\"description\":\"design for home\",\"publisher\":{\"@id\":\"http:\/\/ulitu.cz\/#organization\"},\"potentialAction\":[{\"@type\":\"SearchAction\",\"target\":{\"@type\":\"EntryPoint\",\"urlTemplate\":\"http:\/\/ulitu.cz\/?s={search_term_string}\"},\"query-input\":{\"@type\":\"PropertyValueSpecification\",\"valueRequired\":true,\"valueName\":\"search_term_string\"}}],\"inLanguage\":\"cs\"},{\"@type\":\"Organization\",\"@id\":\"http:\/\/ulitu.cz\/#organization\",\"name\":\"ulitu\",\"url\":\"http:\/\/ulitu.cz\/\",\"logo\":{\"@type\":\"ImageObject\",\"inLanguage\":\"cs\",\"@id\":\"http:\/\/ulitu.cz\/#\/schema\/logo\/image\/\",\"url\":\"http:\/\/ulitu.cz\/wp-content\/uploads\/2024\/07\/cropped-cropped-Ulitu-logo-final.png\",\"contentUrl\":\"http:\/\/ulitu.cz\/wp-content\/uploads\/2024\/07\/cropped-cropped-Ulitu-logo-final.png\",\"width\":2129,\"height\":585,\"caption\":\"ulitu\"},\"image\":{\"@id\":\"http:\/\/ulitu.cz\/#\/schema\/logo\/image\/\"}}]}<\/script>\n<!-- \/ Yoast SEO plugin. -->","yoast_head_json":{"title":"Kdo jsme? - ulitu","robots":{"index":"index","follow":"follow","max-snippet":"max-snippet:-1","max-image-preview":"max-image-preview:large","max-video-preview":"max-video-preview:-1"},"canonical":"http:\/\/ulitu.cz\/","og_locale":"cs_CZ","og_type":"article","og_title":"Kdo jsme? - ulitu","og_description":"T\u00fdm profesion\u00e1l\u016f, pro kter\u00e9 je d\u016fle\u017eit\u00e1 inovativnost, kvalita a bezpe\u010dnost. Navrhujeme, vyr\u00e1b\u00edme, distribuujeme a prod\u00e1v\u00e1me kvalitn\u00ed d\u0159ev\u011bn\u00e9 hra\u010dky, n\u00e1bytek a textil. Najdete u n\u00e1s profesionalitu, transparentnost, f\u00e9rovou komunikaci a zodpov\u011bdn\u00fd p\u0159\u00edstup k pr\u00e1ci.","og_url":"http:\/\/ulitu.cz\/","og_site_name":"ulitu","article_modified_time":"2024-07-01T22:28:06+00:00","twitter_card":"summary_large_image","twitter_misc":{"Odhadovan\u00e1 doba \u010dten\u00ed":"1 minuta"},"schema":{"@context":"https:\/\/schema.org","@graph":[{"@type":"WebPage","@id":"http:\/\/ulitu.cz\/","url":"http:\/\/ulitu.cz\/","name":"Kdo jsme? - ulitu","isPartOf":{"@id":"http:\/\/ulitu.cz\/#website"},"datePublished":"2024-07-01T21:38:20+00:00","dateModified":"2024-07-01T22:28:06+00:00","breadcrumb":{"@id":"http:\/\/ulitu.cz\/#breadcrumb"},"inLanguage":"cs","potentialAction":[{"@type":"ReadAction","target":["http:\/\/ulitu.cz\/"]}]},{"@type":"BreadcrumbList","@id":"http:\/\/ulitu.cz\/#breadcrumb","itemListElement":[{"@type":"ListItem","position":1,"name":"Home","item":"http:\/\/ulitu.cz\/"},{"@type":"ListItem","position":2,"name":"Kdo jsme?"}]},{"@type":"WebSite","@id":"http:\/\/ulitu.cz\/#website","url":"http:\/\/ulitu.cz\/","name":"ulitu","description":"design for home","publisher":{"@id":"http:\/\/ulitu.cz\/#organization"},"potentialAction":[{"@type":"SearchAction","target":{"@type":"EntryPoint","urlTemplate":"http:\/\/ulitu.cz\/?s={search_term_string}"},"query-input":{"@type":"PropertyValueSpecification","valueRequired":true,"valueName":"search_term_string"}}],"inLanguage":"cs"},{"@type":"Organization","@id":"http:\/\/ulitu.cz\/#organization","name":"ulitu","url":"http:\/\/ulitu.cz\/","logo":{"@type":"ImageObject","inLanguage":"cs","@id":"http:\/\/ulitu.cz\/#\/schema\/logo\/image\/","url":"http:\/\/ulitu.cz\/wp-content\/uploads\/2024\/07\/cropped-cropped-Ulitu-logo-final.png","contentUrl":"http:\/\/ulitu.cz\/wp-content\/uploads\/2024\/07\/cropped-cropped-Ulitu-logo-final.png","width":2129,"height":585,"caption":"ulitu"},"image":{"@id":"http:\/\/ulitu.cz\/#\/schema\/logo\/image\/"}}]}},"_links":{"self":[{"href":"http:\/\/ulitu.cz\/index.php?rest_route=\/wp\/v2\/pages\/2","targetHints":{"allow":["GET"]}}],"collection":[{"href":"http:\/\/ulitu.cz\/index.php?rest_route=\/wp\/v2\/pages"}],"about":[{"href":"http:\/\/ulitu.cz\/index.php?rest_route=\/wp\/v2\/types\/page"}],"author":[{"embeddable":true,"href":"http:\/\/ulitu.cz\/index.php?rest_route=\/wp\/v2\/users\/1"}],"replies":[{"embeddable":true,"href":"http:\/\/ulitu.cz\/index.php?rest_route=%2Fwp%2Fv2%2Fcomments&post=2"}],"version-history":[{"count":1,"href":"http:\/\/ulitu.cz\/index.php?rest_route=\/wp\/v2\/pages\/2\/revisions"}],"predecessor-version":[{"id":43,"href":"http:\/\/ulitu.cz\/index.php?rest_route=\/wp\/v2\/pages\/2\/revisions\/43"}],"wp:attachment":[{"href":"http:\/\/ulitu.cz\/index.php?rest_route=%2Fwp%2Fv2%2Fmedia&parent=2"}],"curies":[{"name":"wp","href":"https:\/\/api.w.org\/{rel}","templated":true}]}}